{"id":15,"date":"2024-04-04T13:09:36","date_gmt":"2024-04-04T13:09:36","guid":{"rendered":"https:\/\/prospa-wordpress.technowebstore.com\/?page_id=15"},"modified":"2026-05-01T10:09:26","modified_gmt":"2026-05-01T08:09:26","slug":"projekty","status":"publish","type":"page","link":"https:\/\/madmikeguitar.com\/index.php\/projekty\/","title":{"rendered":"Projekty"},"content":{"rendered":"\t\t<div data-elementor-type=\"wp-page\" data-elementor-id=\"15\" class=\"elementor elementor-15\" data-elementor-post-type=\"page\">\n\t\t\t\t\t\t<section class=\"has_eae_slider elementor-section elementor-top-section elementor-element elementor-element-1c02107 subbanner2  elementor-section-boxed elementor-section-height-default elementor-section-height-default\" data-eae-slider=\"76264\" data-id=\"1c02107\" data-element_type=\"section\" data-e-type=\"section\" data-settings=\"{&quot;background_background&quot;:&quot;classic&quot;}\">\n\t\t\t\t\t\t<div class=\"elementor-container elementor-column-gap-default\">\n\t\t\t\t\t<div class=\"has_eae_slider elementor-column elementor-col-100 elementor-top-column elementor-element elementor-element-a183759\" data-eae-slider=\"43319\" data-id=\"a183759\" data-element_type=\"column\" data-e-type=\"column\">\n\t\t\t<div class=\"elementor-widget-wrap elementor-element-populated\">\n\t\t\t\t\t\t<section class=\"has_eae_slider elementor-section elementor-inner-section elementor-element elementor-element-bbbdfc0 elementor-section-boxed elementor-section-height-default elementor-section-height-default\" data-eae-slider=\"88049\" data-id=\"bbbdfc0\" data-element_type=\"section\" data-e-type=\"section\">\n\t\t\t\t\t\t<div class=\"elementor-container elementor-column-gap-default\">\n\t\t\t\t\t<div class=\"has_eae_slider elementor-column elementor-col-50 elementor-inner-column elementor-element elementor-element-f058d9d\" data-eae-slider=\"50968\" data-id=\"f058d9d\" data-element_type=\"column\" data-e-type=\"column\">\n\t\t\t<div class=\"elementor-widget-wrap elementor-element-populated\">\n\t\t\t\t\t\t<div class=\"elementor-element elementor-element-25de04d elementor-widget elementor-widget-page-title\" data-id=\"25de04d\" data-element_type=\"widget\" data-e-type=\"widget\" data-widget_type=\"page-title.default\">\n\t\t\t\t<div class=\"elementor-widget-container\">\n\t\t\t\t\t\t\t\n\t\t<div class=\"hfe-page-title hfe-page-title-wrapper elementor-widget-heading\">\n\n\t\t\t\t\t\t\t\t<h2 class=\"elementor-heading-title elementor-size-default\">\n\t\t\t\t\t\t\t\t\n\t\t\t\tProjekty  \n\t\t\t<\/h2 > \n\t\t\t\t\t<\/div>\n\t\t\t\t\t\t<\/div>\n\t\t\t\t<\/div>\n\t\t\t\t\t<\/div>\n\t\t<\/div>\n\t\t\t\t<div class=\"has_eae_slider elementor-column elementor-col-50 elementor-inner-column elementor-element elementor-element-f6ddde4\" data-eae-slider=\"70252\" data-id=\"f6ddde4\" data-element_type=\"column\" data-e-type=\"column\">\n\t\t\t<div class=\"elementor-widget-wrap elementor-element-populated\">\n\t\t\t\t\t\t<div class=\"elementor-element elementor-element-d6c2ac0 elementor-widget elementor-widget-html\" data-id=\"d6c2ac0\" data-element_type=\"widget\" data-e-type=\"widget\" data-widget_type=\"html.default\">\n\t\t\t\t\t<ul class=\"breadcrumbs none-style fl-r\">\r\n<li><a href=\"\/\">Home<\/a><\/li>\r\n<li>Classes<\/li>\r\n\r\n<\/ul>\t\t\t\t<\/div>\n\t\t\t\t\t<\/div>\n\t\t<\/div>\n\t\t\t\t\t<\/div>\n\t\t<\/section>\n\t\t\t\t\t<\/div>\n\t\t<\/div>\n\t\t\t\t\t<\/div>\n\t\t<\/section>\n\t\t\t\t<section class=\"has_eae_slider elementor-section elementor-top-section elementor-element elementor-element-ea0f6b4 elementor-section-boxed elementor-section-height-default elementor-section-height-default\" data-eae-slider=\"10958\" data-id=\"ea0f6b4\" data-element_type=\"section\" data-e-type=\"section\">\n\t\t\t\t\t\t<div class=\"elementor-container elementor-column-gap-default\">\n\t\t\t\t\t<div class=\"has_eae_slider elementor-column elementor-col-100 elementor-top-column elementor-element elementor-element-7fa9b52\" data-eae-slider=\"24379\" data-id=\"7fa9b52\" data-element_type=\"column\" data-e-type=\"column\">\n\t\t\t<div class=\"elementor-widget-wrap elementor-element-populated\">\n\t\t\t\t\t\t<section class=\"has_eae_slider elementor-section elementor-inner-section elementor-element elementor-element-1658a90 elementor-section-boxed elementor-section-height-default elementor-section-height-default\" data-eae-slider=\"60816\" data-id=\"1658a90\" data-element_type=\"section\" data-e-type=\"section\">\n\t\t\t\t\t\t<div class=\"elementor-container elementor-column-gap-default\">\n\t\t\t\t\t<div class=\"has_eae_slider elementor-column elementor-col-50 elementor-inner-column elementor-element elementor-element-f990ed2\" data-eae-slider=\"30043\" data-id=\"f990ed2\" data-element_type=\"column\" data-e-type=\"column\">\n\t\t\t<div class=\"elementor-widget-wrap elementor-element-populated\">\n\t\t\t\t\t\t<div class=\"elementor-element elementor-element-2a8a272 elementor-widget elementor-widget-heading\" data-id=\"2a8a272\" data-element_type=\"widget\" data-e-type=\"widget\" data-widget_type=\"heading.default\">\n\t\t\t\t\t<h2 class=\"elementor-heading-title elementor-size-default\">Projekty<\/h2>\t\t\t\t<\/div>\n\t\t\t\t\t<\/div>\n\t\t<\/div>\n\t\t\t\t<div class=\"has_eae_slider elementor-column elementor-col-50 elementor-inner-column elementor-element elementor-element-c1583b5\" data-eae-slider=\"65219\" data-id=\"c1583b5\" data-element_type=\"column\" data-e-type=\"column\">\n\t\t\t<div class=\"elementor-widget-wrap\">\n\t\t\t\t\t\t\t<\/div>\n\t\t<\/div>\n\t\t\t\t\t<\/div>\n\t\t<\/section>\n\t\t\t\t<section class=\"has_eae_slider elementor-section elementor-inner-section elementor-element elementor-element-112efb0 elementor-section-boxed elementor-section-height-default elementor-section-height-default\" data-eae-slider=\"3251\" data-id=\"112efb0\" data-element_type=\"section\" data-e-type=\"section\">\n\t\t\t\t\t\t<div class=\"elementor-container elementor-column-gap-default\">\n\t\t\t\t\t<div class=\"has_eae_slider elementor-column elementor-col-100 elementor-inner-column elementor-element elementor-element-425f18d\" data-eae-slider=\"74413\" data-id=\"425f18d\" data-element_type=\"column\" data-e-type=\"column\">\n\t\t\t<div class=\"elementor-widget-wrap elementor-element-populated\">\n\t\t\t\t\t\t<div class=\"elementor-element elementor-element-d3425f0 elementor-widget elementor-widget-shortcode\" data-id=\"d3425f0\" data-element_type=\"widget\" data-e-type=\"widget\" data-widget_type=\"shortcode.default\">\n\t\t\t\t\t\t\t<div class=\"elementor-shortcode\">\n\n\n         \n                <div class=\"row\">\n                 \n\n    <div class=\"col-xl-4 col-lg-4 col-md-6 mb-25\">\n <div class=\"service-items-box-two\">\n\t             <div class=\"min-i\">\n\t                 <div class=\"service-icon-thumb\">\n\t\t\t\t\t\t\t<img decoding=\"async\" src=\"\" alt=\"\">\n\t\t\t\t\t\t<\/div>\n\t\t\t\t\t\t<div class=\"service-items-title\">\n\t\t\t\t\t\t\t<h4><a href=\"https:\/\/madmikeguitar.com\/index.php\/class\/ledguitarshow\/\">Led Guitar Show<\/a><\/h4>\n\t\t\t\t\t\t<\/div>\n\t             <\/div>\n\t\t\t\t\t\t\n\t\t\t\t\t\t<div class=\"service-items-content-two\">\n\t\t\t\t\t\t\t<div class=\"otQkpb\" role=\"heading\" data-animation-nesting=\"\" data-sfc-cp=\"\" data-sfc-root=\"c\" data-sfc-cb=\"\" data-processed=\"true\" data-sae=\"\" data-complete=\"true\" data-copy-service-computed-style=\"font-family: &quot;Google Sans&quot;, &quot;Helvetica Neue&quot;, sans-serif; font-size: 20px; font-weight: 600; margin: 24px 0px 12px; text-decoration: none; border-bottom-width: 0px; border-bottom-style: none; border-bottom-color: rgb(230, 232, 240);\"><strong class=\"Yjhzub\" data-sfc-root=\"c\" data-sfc-cb=\"\" data-complete=\"true\" data-copy-service-computed-style=\"font-family: &quot;Google Sans&quot;, &quot;Helvetica Neue&quot;, sans-serif; font-size: 20px; font-weight: 600; margin: 0px; text-decoration: none; border-bottom-width: 0px; border-bottom-style: none; border-bottom-color: rgb(230, 232, 240);\">LED GUITAR SHOW<\/strong><\/div>\n<div class=\"n6owBd awi2gc\" data-sfc-cp=\"\" data-sfc-root=\"c\" data-sfc-cb=\"\" data-hveid=\"CAEIBRAA\" data-complete=\"true\" data-processed=\"true\" data-copy-service-computed-style=\"font-family: &quot;Google Sans&quot;, &quot;Helvetica Neue&quot;, sans-serif; font-size: 16px; font-weight: 400; margin: 12px 0px 16px; text-decoration: none; border-bottom-width: 0px; border-bottom-style: none; border-bottom-color: rgb(230, 232, 240);\"><strong class=\"Yjhzub\" data-sfc-root=\"c\" data-sfc-cb=\"\" data-complete=\"true\" data-processed=\"true\" data-copy-service-computed-style=\"font-family: &quot;Google Sans&quot;, &quot;Helvetica Neue&quot;, sans-serif; font-size: 16px; font-weight: 600; margin: 0px; text-decoration: none; border-bottom-width: 0px; border-bottom-style: none; border-bottom-color: rgb(230, 232, 240);\">Inteligentne \u015bwiat\u0142o w s\u0142u\u017cbie muzyki.<\/strong><\/div>\n<div class=\"n6owBd awi2gc\" data-sfc-cp=\"\" data-sfc-root=\"c\" data-sfc-cb=\"\" data-hveid=\"CAEIBhAA\" data-processed=\"true\" data-complete=\"true\" data-copy-service-computed-style=\"font-family: &quot;Google Sans&quot;, &quot;Helvetica Neue&quot;, sans-serif; font-size: 16px; font-weight: 400; margin: 12px 0px 16px; text-decoration: none; border-bottom-width: 0px; border-bottom-style: none; border-bottom-color: rgb(230, 232, 240);\">To show to technologiczny majstersztyk, stworzony z my\u015bl\u0105 o nowoczesnych eventach, gdzie ka\u017cdy detal ma znaczenie. Sercem wyst\u0119pu jest moja unikalna, customowa gitara LED.<\/div>\n\t\t\t\t\t\t<\/div>\n\t\t\t\t\t\t<div class=\"service-items-thumb-two\">\n\t\t\t\t\t\t\t<a href=\"https:\/\/madmikeguitar.com\/index.php\/class\/ledguitarshow\/\">\n\t\t\t\t\t\t\t    <img decoding=\"async\" src=\"https:\/\/madmikeguitar.com\/wp-content\/uploads\/2026\/04\/IMG_20191009_234957_777-2.jpg\" alt=\"\">\n\t\t\t\t\t\t\t    <\/a>\n\t\t\t\t\t\t\t<div class=\"service-items-icon-two\">\n\t\t\t\t\t\t\t\t<a href=\"https:\/\/madmikeguitar.com\/index.php\/class\/ledguitarshow\/\">\n\t\t\t\t\t\t\t\t    <i class=\"icon icon-arrow-right\"><\/i>\n\t\t\t\t\t\t\t\t    <\/a>\n\t\t\t\t\t\t\t<\/div>\n\t\t\t\t\t\t<\/div>\n\t\t\t\t\t<\/div>\n\t\t\t\t\t\n\t\t\t\t\t\t\t\n<\/div>\n \n         \n\t\t\t\t\t\n\n    <div class=\"col-xl-4 col-lg-4 col-md-6 mb-25\">\n <div class=\"service-items-box-two\">\n\t             <div class=\"min-i\">\n\t                 <div class=\"service-icon-thumb\">\n\t\t\t\t\t\t\t<img decoding=\"async\" src=\"https:\/\/madmikeguitar.com\/wp-content\/uploads\/2024\/04\/Guitar.png\" alt=\"\">\n\t\t\t\t\t\t<\/div>\n\t\t\t\t\t\t<div class=\"service-items-title\">\n\t\t\t\t\t\t\t<h4><a href=\"https:\/\/madmikeguitar.com\/index.php\/class\/soulfull\/\">Soulfull jazz, background music<\/a><\/h4>\n\t\t\t\t\t\t<\/div>\n\t             <\/div>\n\t\t\t\t\t\t\n\t\t\t\t\t\t<div class=\"service-items-content-two\">\n\t\t\t\t\t\t\t<div class=\"otQkpb\" role=\"heading\" data-animation-nesting=\"\" data-sfc-cp=\"\" data-sfc-root=\"c\" data-sfc-cb=\"\" data-complete=\"true\" data-processed=\"true\" data-sae=\"\" data-copy-service-computed-style=\"font-family: &quot;Google Sans&quot;, &quot;Helvetica Neue&quot;, sans-serif; font-size: 20px; font-weight: 600; margin: 24px 0px 12px; text-decoration: none; border-bottom-width: 0px; border-bottom-style: none; border-bottom-color: rgb(230, 232, 240);\"><strong class=\"Yjhzub\" data-sfc-root=\"c\" data-sfc-cb=\"\" data-complete=\"true\" data-copy-service-computed-style=\"font-family: &quot;Google Sans&quot;, &quot;Helvetica Neue&quot;, sans-serif; font-size: 20px; font-weight: 600; margin: 0px; text-decoration: none; border-bottom-width: 0px; border-bottom-style: none; border-bottom-color: rgb(230, 232, 240);\">LOUNGE &amp; PREMIUM BACKGROUND<\/strong><\/div>\n<div class=\"n6owBd awi2gc\" data-sfc-cp=\"\" data-sfc-root=\"c\" data-sfc-cb=\"\" data-hveid=\"CAEIBBAA\" data-complete=\"true\" data-processed=\"true\" data-copy-service-computed-style=\"font-family: &quot;Google Sans&quot;, &quot;Helvetica Neue&quot;, sans-serif; font-size: 16px; font-weight: 400; margin: 12px 0px 16px; text-decoration: none; border-bottom-width: 0px; border-bottom-style: none; border-bottom-color: rgb(230, 232, 240);\"><strong class=\"Yjhzub\" data-sfc-root=\"c\" data-sfc-cb=\"\" data-complete=\"true\" data-processed=\"true\" data-copy-service-computed-style=\"font-family: &quot;Google Sans&quot;, &quot;Helvetica Neue&quot;, sans-serif; font-size: 16px; font-weight: 600; margin: 0px; text-decoration: none; border-bottom-width: 0px; border-bottom-style: none; border-bottom-color: rgb(230, 232, 240);\">Elegancja z jazzowym rodowodem.<\/strong><\/div>\n<div class=\"n6owBd awi2gc\" data-sfc-cp=\"\" data-sfc-root=\"c\" data-sfc-cb=\"\" data-hveid=\"CAEIBRAA\" data-processed=\"true\" data-complete=\"true\" data-copy-service-computed-style=\"font-family: &quot;Google Sans&quot;, &quot;Helvetica Neue&quot;, sans-serif; font-size: 16px; font-weight: 400; margin: 12px 0px 16px; text-decoration: none; border-bottom-width: 0px; border-bottom-style: none; border-bottom-color: rgb(230, 232, 240);\">Nie ka\u017cdy event wymaga ognia i iskier. Tam, gdzie liczy si\u0119 styl, klasa i budowanie presti\u017cowej atmosfery, stawiam na szlachetne brzmienie gitary jazzowej po\u0142\u0105czone z naj\u015bwie\u017cszymi nurtami nowoczesnej elektroniki.<\/div>\n\t\t\t\t\t\t<\/div>\n\t\t\t\t\t\t<div class=\"service-items-thumb-two\">\n\t\t\t\t\t\t\t<a href=\"https:\/\/madmikeguitar.com\/index.php\/class\/soulfull\/\">\n\t\t\t\t\t\t\t    <img decoding=\"async\" src=\"https:\/\/madmikeguitar.com\/wp-content\/uploads\/2025\/09\/WhatsApp-Image-2025-06-25-at-16.53.24-e1759243722483.jpeg\" alt=\"\">\n\t\t\t\t\t\t\t    <\/a>\n\t\t\t\t\t\t\t<div class=\"service-items-icon-two\">\n\t\t\t\t\t\t\t\t<a href=\"https:\/\/madmikeguitar.com\/index.php\/class\/soulfull\/\">\n\t\t\t\t\t\t\t\t    <i class=\"icon icon-arrow-right\"><\/i>\n\t\t\t\t\t\t\t\t    <\/a>\n\t\t\t\t\t\t\t<\/div>\n\t\t\t\t\t\t<\/div>\n\t\t\t\t\t<\/div>\n\t\t\t\t\t\n\t\t\t\t\t\t\t\n<\/div>\n \n         \n\t\t\t\t\t\n\n    <div class=\"col-xl-4 col-lg-4 col-md-6 mb-25\">\n <div class=\"service-items-box-two\">\n\t             <div class=\"min-i\">\n\t                 <div class=\"service-icon-thumb\">\n\t\t\t\t\t\t\t<img decoding=\"async\" src=\"\" alt=\"\">\n\t\t\t\t\t\t<\/div>\n\t\t\t\t\t\t<div class=\"service-items-title\">\n\t\t\t\t\t\t\t<h4><a href=\"https:\/\/madmikeguitar.com\/index.php\/class\/fireguitarshow\/\">Fire Guitar Show <\/a><\/h4>\n\t\t\t\t\t\t<\/div>\n\t             <\/div>\n\t\t\t\t\t\t\n\t\t\t\t\t\t<div class=\"service-items-content-two\">\n\t\t\t\t\t\t\t<div class=\"otQkpb\" role=\"heading\" data-animation-nesting=\"\" data-sfc-cp=\"\" data-sfc-root=\"c\" data-sfc-cb=\"\" data-processed=\"true\" data-sae=\"\" data-complete=\"true\" data-copy-service-computed-style=\"font-family: &quot;Google Sans&quot;, &quot;Helvetica Neue&quot;, sans-serif; font-size: 20px; font-weight: 600; margin: 24px 0px 12px; text-decoration: none; border-bottom-width: 0px; border-bottom-style: none; border-bottom-color: rgb(230, 232, 240);\"><strong class=\"Yjhzub\" data-sfc-root=\"c\" data-sfc-cb=\"\" data-complete=\"true\" data-copy-service-computed-style=\"font-family: &quot;Google Sans&quot;, &quot;Helvetica Neue&quot;, sans-serif; font-size: 20px; font-weight: 600; margin: 0px; text-decoration: none; border-bottom-width: 0px; border-bottom-style: none; border-bottom-color: rgb(230, 232, 240);\">FIRE \u00a0SPECTACLE<\/strong><\/div>\n<div class=\"n6owBd awi2gc\" data-sfc-cp=\"\" data-sfc-root=\"c\" data-sfc-cb=\"\" data-hveid=\"CAEIBRAA\" data-complete=\"true\" data-processed=\"true\" data-copy-service-computed-style=\"font-family: &quot;Google Sans&quot;, &quot;Helvetica Neue&quot;, sans-serif; font-size: 16px; font-weight: 400; margin: 12px 0px 16px; text-decoration: none; border-bottom-width: 0px; border-bottom-style: none; border-bottom-color: rgb(230, 232, 240);\"><strong class=\"Yjhzub\" data-sfc-root=\"c\" data-sfc-cb=\"\" data-complete=\"true\" data-processed=\"true\" data-copy-service-computed-style=\"font-family: &quot;Google Sans&quot;, &quot;Helvetica Neue&quot;, sans-serif; font-size: 16px; font-weight: 600; margin: 0px; text-decoration: none; border-bottom-width: 0px; border-bottom-style: none; border-bottom-color: rgb(230, 232, 240);\">Dopasowane do skali Twojego wydarzenia.<\/strong><\/div>\n<div class=\"n6owBd awi2gc\" data-sfc-cp=\"\" data-sfc-root=\"c\" data-sfc-cb=\"\" data-hveid=\"CAEIBhAA\" data-processed=\"true\" data-complete=\"true\" data-copy-service-computed-style=\"font-family: &quot;Google Sans&quot;, &quot;Helvetica Neue&quot;, sans-serif; font-size: 16px; font-weight: 400; margin: 12px 0px 16px; text-decoration: none; border-bottom-width: 0px; border-bottom-style: none; border-bottom-color: rgb(230, 232, 240);\">Moje pokazy charakteryzuj\u0105 si\u0119 pe\u0142n\u0105 skalowalno\u015bci\u0105. Niezale\u017cnie od tego, czy planujesz event w klubie, czy wielki festiwal plenerowy, dostosowuj\u0119 technologi\u0119 do mo\u017cliwo\u015bci Twojej sceny.<\/div>\n\t\t\t\t\t\t<\/div>\n\t\t\t\t\t\t<div class=\"service-items-thumb-two\">\n\t\t\t\t\t\t\t<a href=\"https:\/\/madmikeguitar.com\/index.php\/class\/fireguitarshow\/\">\n\t\t\t\t\t\t\t    <img decoding=\"async\" src=\"https:\/\/madmikeguitar.com\/wp-content\/uploads\/2026\/04\/IMG_7169-2-scaled.jpg\" alt=\"\">\n\t\t\t\t\t\t\t    <\/a>\n\t\t\t\t\t\t\t<div class=\"service-items-icon-two\">\n\t\t\t\t\t\t\t\t<a href=\"https:\/\/madmikeguitar.com\/index.php\/class\/fireguitarshow\/\">\n\t\t\t\t\t\t\t\t    <i class=\"icon icon-arrow-right\"><\/i>\n\t\t\t\t\t\t\t\t    <\/a>\n\t\t\t\t\t\t\t<\/div>\n\t\t\t\t\t\t<\/div>\n\t\t\t\t\t<\/div>\n\t\t\t\t\t\n\t\t\t\t\t\t\t\n<\/div>\n \n         \n\t\t\t\t\t\n<\/div>\n \n<\/div>\n\t\t\t\t\t\t<\/div>\n\t\t\t\t\t<\/div>\n\t\t<\/div>\n\t\t\t\t\t<\/div>\n\t\t<\/section>\n\t\t\t\t\t<\/div>\n\t\t<\/div>\n\t\t\t\t\t<\/div>\n\t\t<\/section>\n\t\t\t\t<\/div>\n\t\t","protected":false},"excerpt":{"rendered":"<p>&nbsp; Projekty<\/p>\n","protected":false},"author":4,"featured_media":0,"parent":0,"menu_order":0,"comment_status":"closed","ping_status":"closed","template":"elementor_header_footer","meta":{"_acf_changed":false,"footnotes":""},"class_list":["post-15","page","type-page","status-publish","hentry"],"acf":[],"_links":{"self":[{"href":"https:\/\/madmikeguitar.com\/index.php\/wp-json\/wp\/v2\/pages\/15","targetHints":{"allow":["GET"]}}],"collection":[{"href":"https:\/\/madmikeguitar.com\/index.php\/wp-json\/wp\/v2\/pages"}],"about":[{"href":"https:\/\/madmikeguitar.com\/index.php\/wp-json\/wp\/v2\/types\/page"}],"author":[{"embeddable":true,"href":"https:\/\/madmikeguitar.com\/index.php\/wp-json\/wp\/v2\/users\/4"}],"replies":[{"embeddable":true,"href":"https:\/\/madmikeguitar.com\/index.php\/wp-json\/wp\/v2\/comments?post=15"}],"version-history":[{"count":15,"href":"https:\/\/madmikeguitar.com\/index.php\/wp-json\/wp\/v2\/pages\/15\/revisions"}],"predecessor-version":[{"id":2950,"href":"https:\/\/madmikeguitar.com\/index.php\/wp-json\/wp\/v2\/pages\/15\/revisions\/2950"}],"wp:attachment":[{"href":"https:\/\/madmikeguitar.com\/index.php\/wp-json\/wp\/v2\/media?parent=15"}],"curies":[{"name":"wp","href":"https:\/\/api.w.org\/{rel}","templated":true}]}}