{"id":17,"date":"2024-04-04T13:10:12","date_gmt":"2024-04-04T13:10:12","guid":{"rendered":"https:\/\/prospa-wordpress.technowebstore.com\/?page_id=17"},"modified":"2026-05-11T19:01:24","modified_gmt":"2026-05-11T17:01:24","slug":"realizcje","status":"publish","type":"page","link":"https:\/\/madmikeguitar.com\/index.php\/realizcje\/","title":{"rendered":"Realizacje"},"content":{"rendered":"\t\t<div data-elementor-type=\"wp-page\" data-elementor-id=\"17\" class=\"elementor elementor-17\" data-elementor-post-type=\"page\">\n\t\t\t\t\t\t<section class=\"has_eae_slider elementor-section elementor-top-section elementor-element elementor-element-2c3038f subbanner2  elementor-section-boxed elementor-section-height-default elementor-section-height-default\" data-eae-slider=\"38773\" data-id=\"2c3038f\" data-element_type=\"section\" data-e-type=\"section\" data-settings=\"{&quot;background_background&quot;:&quot;classic&quot;}\">\n\t\t\t\t\t\t<div class=\"elementor-container elementor-column-gap-default\">\n\t\t\t\t\t<div class=\"has_eae_slider elementor-column elementor-col-100 elementor-top-column elementor-element elementor-element-a31a688\" data-eae-slider=\"47041\" data-id=\"a31a688\" data-element_type=\"column\" data-e-type=\"column\">\n\t\t\t<div class=\"elementor-widget-wrap elementor-element-populated\">\n\t\t\t\t\t\t<section class=\"has_eae_slider elementor-section elementor-inner-section elementor-element elementor-element-75620a6 elementor-section-boxed elementor-section-height-default elementor-section-height-default\" data-eae-slider=\"85409\" data-id=\"75620a6\" data-element_type=\"section\" data-e-type=\"section\">\n\t\t\t\t\t\t<div class=\"elementor-container elementor-column-gap-default\">\n\t\t\t\t\t<div class=\"has_eae_slider elementor-column elementor-col-50 elementor-inner-column elementor-element elementor-element-82105d2\" data-eae-slider=\"84612\" data-id=\"82105d2\" data-element_type=\"column\" data-e-type=\"column\">\n\t\t\t<div class=\"elementor-widget-wrap elementor-element-populated\">\n\t\t\t\t\t\t<div class=\"elementor-element elementor-element-ab285d4 elementor-widget elementor-widget-page-title\" data-id=\"ab285d4\" data-element_type=\"widget\" data-e-type=\"widget\" data-widget_type=\"page-title.default\">\n\t\t\t\t<div class=\"elementor-widget-container\">\n\t\t\t\t\t\t\t\n\t\t<div class=\"hfe-page-title hfe-page-title-wrapper elementor-widget-heading\">\n\n\t\t\t\t\t\t\t\t<h2 class=\"elementor-heading-title elementor-size-default\">\n\t\t\t\t\t\t\t\t\n\t\t\t\tRealizacje  \n\t\t\t<\/h2 > \n\t\t\t\t\t<\/div>\n\t\t\t\t\t\t<\/div>\n\t\t\t\t<\/div>\n\t\t\t\t\t<\/div>\n\t\t<\/div>\n\t\t\t\t<div class=\"has_eae_slider elementor-column elementor-col-50 elementor-inner-column elementor-element elementor-element-d41069a\" data-eae-slider=\"14711\" data-id=\"d41069a\" data-element_type=\"column\" data-e-type=\"column\">\n\t\t\t<div class=\"elementor-widget-wrap elementor-element-populated\">\n\t\t\t\t\t\t<div class=\"elementor-element elementor-element-40e5be8 elementor-widget elementor-widget-html\" data-id=\"40e5be8\" data-element_type=\"widget\" data-e-type=\"widget\" data-widget_type=\"html.default\">\n\t\t\t\t\t<ul class=\"breadcrumbs none-style fl-r\">\r\n<li><a href=\"\/\">Home<\/a><\/li>\r\n<li>Blogs<\/li>\r\n\r\n<\/ul>\t\t\t\t<\/div>\n\t\t\t\t\t<\/div>\n\t\t<\/div>\n\t\t\t\t\t<\/div>\n\t\t<\/section>\n\t\t\t\t\t<\/div>\n\t\t<\/div>\n\t\t\t\t\t<\/div>\n\t\t<\/section>\n\t\t\t\t<section class=\"has_eae_slider elementor-section elementor-top-section elementor-element elementor-element-039793a elementor-section-boxed elementor-section-height-default elementor-section-height-default\" data-eae-slider=\"66986\" data-id=\"039793a\" data-element_type=\"section\" data-e-type=\"section\">\n\t\t\t\t\t\t<div class=\"elementor-container elementor-column-gap-default\">\n\t\t\t\t\t<div class=\"has_eae_slider elementor-column elementor-col-100 elementor-top-column elementor-element elementor-element-e08f017\" data-eae-slider=\"23912\" data-id=\"e08f017\" data-element_type=\"column\" data-e-type=\"column\">\n\t\t\t<div class=\"elementor-widget-wrap elementor-element-populated\">\n\t\t\t\t\t\t<section class=\"has_eae_slider elementor-section elementor-inner-section elementor-element elementor-element-e6d0760 elementor-section-boxed elementor-section-height-default elementor-section-height-default\" data-eae-slider=\"27855\" data-id=\"e6d0760\" data-element_type=\"section\" data-e-type=\"section\">\n\t\t\t\t\t\t<div class=\"elementor-container elementor-column-gap-default\">\n\t\t\t\t\t<div class=\"has_eae_slider elementor-column elementor-col-50 elementor-inner-column elementor-element elementor-element-8bd2691\" data-eae-slider=\"4858\" data-id=\"8bd2691\" data-element_type=\"column\" data-e-type=\"column\">\n\t\t\t<div class=\"elementor-widget-wrap elementor-element-populated\">\n\t\t\t\t\t\t<div class=\"elementor-element elementor-element-478f405 elementor-widget elementor-widget-heading\" data-id=\"478f405\" data-element_type=\"widget\" data-e-type=\"widget\" data-widget_type=\"heading.default\">\n\t\t\t\t\t<h2 class=\"elementor-heading-title elementor-size-default\">Najnowsze realizacje<\/h2>\t\t\t\t<\/div>\n\t\t\t\t<div class=\"elementor-element elementor-element-11908fb elementor-widget elementor-widget-heading\" data-id=\"11908fb\" data-element_type=\"widget\" data-e-type=\"widget\" data-widget_type=\"heading.default\">\n\t\t\t\t\t<h2 class=\"elementor-heading-title elementor-size-default\">Sprawd\u017a nasze najnowsze realizacje<\/h2>\t\t\t\t<\/div>\n\t\t\t\t\t<\/div>\n\t\t<\/div>\n\t\t\t\t<div class=\"has_eae_slider elementor-column elementor-col-50 elementor-inner-column elementor-element elementor-element-eb9ae57\" data-eae-slider=\"88007\" data-id=\"eb9ae57\" data-element_type=\"column\" data-e-type=\"column\">\n\t\t\t<div class=\"elementor-widget-wrap\">\n\t\t\t\t\t\t\t<\/div>\n\t\t<\/div>\n\t\t\t\t\t<\/div>\n\t\t<\/section>\n\t\t\t\t<section class=\"has_eae_slider elementor-section elementor-inner-section elementor-element elementor-element-17fd75d elementor-section-boxed elementor-section-height-default elementor-section-height-default\" data-eae-slider=\"47011\" data-id=\"17fd75d\" data-element_type=\"section\" data-e-type=\"section\">\n\t\t\t\t\t\t<div class=\"elementor-container elementor-column-gap-default\">\n\t\t\t\t\t<div class=\"has_eae_slider elementor-column elementor-col-100 elementor-inner-column elementor-element elementor-element-ea72c62\" data-eae-slider=\"73637\" data-id=\"ea72c62\" data-element_type=\"column\" data-e-type=\"column\">\n\t\t\t<div class=\"elementor-widget-wrap elementor-element-populated\">\n\t\t\t\t\t\t<div class=\"elementor-element elementor-element-02ec5df elementor-widget elementor-widget-shortcode\" data-id=\"02ec5df\" data-element_type=\"widget\" data-e-type=\"widget\" data-widget_type=\"shortcode.default\">\n\t\t\t\t\t\t\t<div class=\"elementor-shortcode\"><style>\n.blog-img {\n    padding: 0;\n}\n.blog-box{box-shadow:none}\n<\/style>\n\n<div class=\"row\">\n    \n        \n\n        <div class=\"col-md-4 mb-0 post-style-1\">\n            <div class=\"post-inner\">\n      <div class=\"post-thumbnail\">\n\t  <a href=\"https:\/\/madmikeguitar.com\/index.php\/blog\/oprawa-muzyczna-premiery-samochodu\/\">\n\t  <img loading=\"lazy\" width=\"410\" height=\"250\" src=\"https:\/\/madmikeguitar.com\/wp-content\/uploads\/2026\/05\/IMG_7778.jpg\" class=\"attachment-editech-featured-image-large size-editech-featured-image-large wp-post-image\" alt=\"\" decoding=\"async\" loading=\"lazy\">\n\t  <\/a>\n\t  <\/div>\n      <div class=\"post-content\">\n         <div class=\"entry-header\">\n            <div class=\"entry-meta\">\n               <div class=\"meta-inner\"><span class=\"posted-on\"> <i class=\"icon icon-calendar\"><\/i> \n\t\t\t   <a href=\"https:\/\/madmikeguitar.com\/index.php\/blog\/oprawa-muzyczna-premiery-samochodu\/\" rel=\"bookmark\">\n\t\t\t   <time class=\"entry-date published\">2026-05-10<\/time>\n\t\t\t   <\/a>\n\t\t\t   <\/span>\n\t\t\t   \n\t\t\t  \n\t\t\t   <\/div>\n            <\/div>\n            <h3 class=\"entry-title\"><a href=\"https:\/\/madmikeguitar.com\/index.php\/blog\/oprawa-muzyczna-premiery-samochodu\/\">Nissan Qashqai Premiere: \u201eDefy Ordinary\u201d na Lotnisku Bemowo<\/a><\/h3>\n            \n         <\/div>\n         <div class=\"entry-content\"> \n\t\t <a class=\"more-link\" href=\"https:\/\/madmikeguitar.com\/index.php\/blog\/oprawa-muzyczna-premiery-samochodu\/\"> \n\t\t <span>Read more<\/span> <i class=\"icon icon-arrow-right\" aria-hidden=\"true\"><\/i> \n\t\t <\/a>\n\t\t <\/div>\n      <\/div>\n   <\/div>\n        <\/div>\n\n\n        \n\n        <div class=\"col-md-4 mb-0 post-style-1\">\n            <div class=\"post-inner\">\n      <div class=\"post-thumbnail\">\n\t  <a href=\"https:\/\/madmikeguitar.com\/index.php\/blog\/atrakcje-na-premiere-produktu-hbo\/\">\n\t  <img loading=\"lazy\" width=\"410\" height=\"250\" src=\"https:\/\/madmikeguitar.com\/wp-content\/uploads\/2026\/05\/68181c19-4a0e-4a5d-a0b3-b0743ad308ae.jpg\" class=\"attachment-editech-featured-image-large size-editech-featured-image-large wp-post-image\" alt=\"\" decoding=\"async\" loading=\"lazy\">\n\t  <\/a>\n\t  <\/div>\n      <div class=\"post-content\">\n         <div class=\"entry-header\">\n            <div class=\"entry-meta\">\n               <div class=\"meta-inner\"><span class=\"posted-on\"> <i class=\"icon icon-calendar\"><\/i> \n\t\t\t   <a href=\"https:\/\/madmikeguitar.com\/index.php\/blog\/atrakcje-na-premiere-produktu-hbo\/\" rel=\"bookmark\">\n\t\t\t   <time class=\"entry-date published\">2026-05-10<\/time>\n\t\t\t   <\/a>\n\t\t\t   <\/span>\n\t\t\t   \n\t\t\t  \n\t\t\t   <\/div>\n            <\/div>\n            <h3 class=\"entry-title\"><a href=\"https:\/\/madmikeguitar.com\/index.php\/blog\/atrakcje-na-premiere-produktu-hbo\/\">Mad Mike x HBO: Kiedy \u015bwiatowe kino spotyka rockow\u0105 energi\u0119<\/a><\/h3>\n            \n         <\/div>\n         <div class=\"entry-content\"> \n\t\t <a class=\"more-link\" href=\"https:\/\/madmikeguitar.com\/index.php\/blog\/atrakcje-na-premiere-produktu-hbo\/\"> \n\t\t <span>Read more<\/span> <i class=\"icon icon-arrow-right\" aria-hidden=\"true\"><\/i> \n\t\t <\/a>\n\t\t <\/div>\n      <\/div>\n   <\/div>\n        <\/div>\n\n\n        \n\n        <div class=\"col-md-4 mb-0 post-style-1\">\n            <div class=\"post-inner\">\n      <div class=\"post-thumbnail\">\n\t  <a href=\"https:\/\/madmikeguitar.com\/index.php\/blog\/sylwester\/\">\n\t  <img loading=\"lazy\" width=\"410\" height=\"250\" src=\"https:\/\/madmikeguitar.com\/wp-content\/uploads\/2026\/05\/74059_4173826__17.jpg\" class=\"attachment-editech-featured-image-large size-editech-featured-image-large wp-post-image\" alt=\"\" decoding=\"async\" loading=\"lazy\">\n\t  <\/a>\n\t  <\/div>\n      <div class=\"post-content\">\n         <div class=\"entry-header\">\n            <div class=\"entry-meta\">\n               <div class=\"meta-inner\"><span class=\"posted-on\"> <i class=\"icon icon-calendar\"><\/i> \n\t\t\t   <a href=\"https:\/\/madmikeguitar.com\/index.php\/blog\/sylwester\/\" rel=\"bookmark\">\n\t\t\t   <time class=\"entry-date published\">2026-05-02<\/time>\n\t\t\t   <\/a>\n\t\t\t   <\/span>\n\t\t\t   \n\t\t\t  \n\t\t\t   <\/div>\n            <\/div>\n            <h3 class=\"entry-title\"><a href=\"https:\/\/madmikeguitar.com\/index.php\/blog\/sylwester\/\">Sylwester w Formie: Multimedialna Noc w Elbl\u0105gu<\/a><\/h3>\n            \n         <\/div>\n         <div class=\"entry-content\"> \n\t\t <a class=\"more-link\" href=\"https:\/\/madmikeguitar.com\/index.php\/blog\/sylwester\/\"> \n\t\t <span>Read more<\/span> <i class=\"icon icon-arrow-right\" aria-hidden=\"true\"><\/i> \n\t\t <\/a>\n\t\t <\/div>\n      <\/div>\n   <\/div>\n        <\/div>\n\n\n        \n\n        <div class=\"col-md-4 mb-0 post-style-1\">\n            <div class=\"post-inner\">\n      <div class=\"post-thumbnail\">\n\t  <a href=\"https:\/\/madmikeguitar.com\/index.php\/blog\/energa\/\">\n\t  <img loading=\"lazy\" width=\"410\" height=\"250\" src=\"https:\/\/madmikeguitar.com\/wp-content\/uploads\/2026\/05\/ca591592-5598-418d-99fd-2898133d0385.jpg\" class=\"attachment-editech-featured-image-large size-editech-featured-image-large wp-post-image\" alt=\"\" decoding=\"async\" loading=\"lazy\">\n\t  <\/a>\n\t  <\/div>\n      <div class=\"post-content\">\n         <div class=\"entry-header\">\n            <div class=\"entry-meta\">\n               <div class=\"meta-inner\"><span class=\"posted-on\"> <i class=\"icon icon-calendar\"><\/i> \n\t\t\t   <a href=\"https:\/\/madmikeguitar.com\/index.php\/blog\/energa\/\" rel=\"bookmark\">\n\t\t\t   <time class=\"entry-date published\">2026-05-11<\/time>\n\t\t\t   <\/a>\n\t\t\t   <\/span>\n\t\t\t   \n\t\t\t  \n\t\t\t   <\/div>\n            <\/div>\n            <h3 class=\"entry-title\"><a href=\"https:\/\/madmikeguitar.com\/index.php\/blog\/energa\/\">Energa Magic Lights Grudzi\u0105dz 2025: Magiczne widowisko nad Wis\u0142\u0105<\/a><\/h3>\n            \n         <\/div>\n         <div class=\"entry-content\"> \n\t\t <a class=\"more-link\" href=\"https:\/\/madmikeguitar.com\/index.php\/blog\/energa\/\"> \n\t\t <span>Read more<\/span> <i class=\"icon icon-arrow-right\" aria-hidden=\"true\"><\/i> \n\t\t <\/a>\n\t\t <\/div>\n      <\/div>\n   <\/div>\n        <\/div>\n\n\n        \n\n        <div class=\"col-md-4 mb-0 post-style-1\">\n            <div class=\"post-inner\">\n      <div class=\"post-thumbnail\">\n\t  <a href=\"https:\/\/madmikeguitar.com\/index.php\/blog\/mad-mike-guitar-gala-zlote-kolce\/\">\n\t  <img loading=\"lazy\" width=\"410\" height=\"250\" src=\"https:\/\/madmikeguitar.com\/wp-content\/uploads\/2024\/03\/il92affdf4_946099803_xlarge-e1778089992485.jpg\" class=\"attachment-editech-featured-image-large size-editech-featured-image-large wp-post-image\" alt=\"\" decoding=\"async\" loading=\"lazy\">\n\t  <\/a>\n\t  <\/div>\n      <div class=\"post-content\">\n         <div class=\"entry-header\">\n            <div class=\"entry-meta\">\n               <div class=\"meta-inner\"><span class=\"posted-on\"> <i class=\"icon icon-calendar\"><\/i> \n\t\t\t   <a href=\"https:\/\/madmikeguitar.com\/index.php\/blog\/mad-mike-guitar-gala-zlote-kolce\/\" rel=\"bookmark\">\n\t\t\t   <time class=\"entry-date published\">2026-05-11<\/time>\n\t\t\t   <\/a>\n\t\t\t   <\/span>\n\t\t\t   \n\t\t\t  \n\t\t\t   <\/div>\n            <\/div>\n            <h3 class=\"entry-title\"><a href=\"https:\/\/madmikeguitar.com\/index.php\/blog\/mad-mike-guitar-gala-zlote-kolce\/\">Mad Mike Guitar na Gali Z\u0142ote Kolce \u2013 Niesamowite Show Gitarowe<\/a><\/h3>\n            \n         <\/div>\n         <div class=\"entry-content\"> \n\t\t <a class=\"more-link\" href=\"https:\/\/madmikeguitar.com\/index.php\/blog\/mad-mike-guitar-gala-zlote-kolce\/\"> \n\t\t <span>Read more<\/span> <i class=\"icon icon-arrow-right\" aria-hidden=\"true\"><\/i> \n\t\t <\/a>\n\t\t <\/div>\n      <\/div>\n   <\/div>\n        <\/div>\n\n\n        \n\n        <div class=\"col-md-4 mb-0 post-style-1\">\n            <div class=\"post-inner\">\n      <div class=\"post-thumbnail\">\n\t  <a href=\"https:\/\/madmikeguitar.com\/index.php\/blog\/spektakularne-otwarcie-gali-energetics-mad-mike-guitar-laser-symphony\/\">\n\t  <img loading=\"lazy\" width=\"410\" height=\"250\" src=\"https:\/\/madmikeguitar.com\/wp-content\/uploads\/2025\/12\/IMG_7820.jpeg\" class=\"attachment-editech-featured-image-large size-editech-featured-image-large wp-post-image\" alt=\"\" decoding=\"async\" loading=\"lazy\">\n\t  <\/a>\n\t  <\/div>\n      <div class=\"post-content\">\n         <div class=\"entry-header\">\n            <div class=\"entry-meta\">\n               <div class=\"meta-inner\"><span class=\"posted-on\"> <i class=\"icon icon-calendar\"><\/i> \n\t\t\t   <a href=\"https:\/\/madmikeguitar.com\/index.php\/blog\/spektakularne-otwarcie-gali-energetics-mad-mike-guitar-laser-symphony\/\" rel=\"bookmark\">\n\t\t\t   <time class=\"entry-date published\">2026-05-06<\/time>\n\t\t\t   <\/a>\n\t\t\t   <\/span>\n\t\t\t   \n\t\t\t  \n\t\t\t   <\/div>\n            <\/div>\n            <h3 class=\"entry-title\"><a href=\"https:\/\/madmikeguitar.com\/index.php\/blog\/spektakularne-otwarcie-gali-energetics-mad-mike-guitar-laser-symphony\/\">Spektakularne otwarcie Gali Energetics: Mad Mike Guitar &amp; Laser Symphony<\/a><\/h3>\n            \n         <\/div>\n         <div class=\"entry-content\"> \n\t\t <a class=\"more-link\" href=\"https:\/\/madmikeguitar.com\/index.php\/blog\/spektakularne-otwarcie-gali-energetics-mad-mike-guitar-laser-symphony\/\"> \n\t\t <span>Read more<\/span> <i class=\"icon icon-arrow-right\" aria-hidden=\"true\"><\/i> \n\t\t <\/a>\n\t\t <\/div>\n      <\/div>\n   <\/div>\n        <\/div>\n\n\n        \n\n        <div class=\"col-md-4 mb-0 post-style-1\">\n            <div class=\"post-inner\">\n      <div class=\"post-thumbnail\">\n\t  <a href=\"https:\/\/madmikeguitar.com\/index.php\/blog\/otrzsiny-swps-pjatk-wersja-fluo\/\">\n\t  <img loading=\"lazy\" width=\"410\" height=\"250\" src=\"https:\/\/madmikeguitar.com\/wp-content\/uploads\/2026\/05\/IMG_5221.jpg\" class=\"attachment-editech-featured-image-large size-editech-featured-image-large wp-post-image\" alt=\"\" decoding=\"async\" loading=\"lazy\">\n\t  <\/a>\n\t  <\/div>\n      <div class=\"post-content\">\n         <div class=\"entry-header\">\n            <div class=\"entry-meta\">\n               <div class=\"meta-inner\"><span class=\"posted-on\"> <i class=\"icon icon-calendar\"><\/i> \n\t\t\t   <a href=\"https:\/\/madmikeguitar.com\/index.php\/blog\/otrzsiny-swps-pjatk-wersja-fluo\/\" rel=\"bookmark\">\n\t\t\t   <time class=\"entry-date published\">2026-05-10<\/time>\n\t\t\t   <\/a>\n\t\t\t   <\/span>\n\t\t\t   \n\t\t\t  \n\t\t\t   <\/div>\n            <\/div>\n            <h3 class=\"entry-title\"><a href=\"https:\/\/madmikeguitar.com\/index.php\/blog\/otrzsiny-swps-pjatk-wersja-fluo\/\">Atrakcje na Otrz\u0119siny SWPS &amp; PJATK (Wersja FLUO)<\/a><\/h3>\n            \n         <\/div>\n         <div class=\"entry-content\"> \n\t\t <a class=\"more-link\" href=\"https:\/\/madmikeguitar.com\/index.php\/blog\/otrzsiny-swps-pjatk-wersja-fluo\/\"> \n\t\t <span>Read more<\/span> <i class=\"icon icon-arrow-right\" aria-hidden=\"true\"><\/i> \n\t\t <\/a>\n\t\t <\/div>\n      <\/div>\n   <\/div>\n        <\/div>\n\n\n        \n\n        <div class=\"col-md-4 mb-0 post-style-1\">\n            <div class=\"post-inner\">\n      <div class=\"post-thumbnail\">\n\t  <a href=\"https:\/\/madmikeguitar.com\/index.php\/blog\/various-versions-have-evolved-over-the-years-sometimes\/\">\n\t  <img loading=\"lazy\" width=\"410\" height=\"250\" src=\"https:\/\/madmikeguitar.com\/wp-content\/uploads\/2026\/05\/76DF262B-208A-4A41-914B-0130B525FB89.png\" class=\"attachment-editech-featured-image-large size-editech-featured-image-large wp-post-image\" alt=\"\" decoding=\"async\" loading=\"lazy\">\n\t  <\/a>\n\t  <\/div>\n      <div class=\"post-content\">\n         <div class=\"entry-header\">\n            <div class=\"entry-meta\">\n               <div class=\"meta-inner\"><span class=\"posted-on\"> <i class=\"icon icon-calendar\"><\/i> \n\t\t\t   <a href=\"https:\/\/madmikeguitar.com\/index.php\/blog\/various-versions-have-evolved-over-the-years-sometimes\/\" rel=\"bookmark\">\n\t\t\t   <time class=\"entry-date published\">2026-05-01<\/time>\n\t\t\t   <\/a>\n\t\t\t   <\/span>\n\t\t\t   \n\t\t\t  \n\t\t\t   <\/div>\n            <\/div>\n            <h3 class=\"entry-title\"><a href=\"https:\/\/madmikeguitar.com\/index.php\/blog\/various-versions-have-evolved-over-the-years-sometimes\/\">Mad Mike w trasie z GROMEE: 40 spektakularnych koncert\u00f3w w sezonie 2026!<\/a><\/h3>\n            \n         <\/div>\n         <div class=\"entry-content\"> \n\t\t <a class=\"more-link\" href=\"https:\/\/madmikeguitar.com\/index.php\/blog\/various-versions-have-evolved-over-the-years-sometimes\/\"> \n\t\t <span>Read more<\/span> <i class=\"icon icon-arrow-right\" aria-hidden=\"true\"><\/i> \n\t\t <\/a>\n\t\t <\/div>\n      <\/div>\n   <\/div>\n        <\/div>\n\n\n            <\/div>\n \n<\/div>\n\t\t\t\t\t\t<\/div>\n\t\t\t\t\t<\/div>\n\t\t<\/div>\n\t\t\t\t\t<\/div>\n\t\t<\/section>\n\t\t\t\t\t<\/div>\n\t\t<\/div>\n\t\t\t\t\t<\/div>\n\t\t<\/section>\n\t\t\t\t<\/div>\n\t\t","protected":false},"excerpt":{"rendered":"<p>Aktualno\u015bci &lt;\/h2 &gt; Home Blogs Najnowsze realizacje Sprawd\u017a nasze najnowsze realizacje<\/p>\n","protected":false},"author":4,"featured_media":2551,"parent":0,"menu_order":0,"comment_status":"closed","ping_status":"closed","template":"elementor_header_footer","meta":{"_acf_changed":false,"footnotes":""},"class_list":["post-17","page","type-page","status-publish","has-post-thumbnail","hentry"],"acf":[],"_links":{"self":[{"href":"https:\/\/madmikeguitar.com\/index.php\/wp-json\/wp\/v2\/pages\/17","targetHints":{"allow":["GET"]}}],"collection":[{"href":"https:\/\/madmikeguitar.com\/index.php\/wp-json\/wp\/v2\/pages"}],"about":[{"href":"https:\/\/madmikeguitar.com\/index.php\/wp-json\/wp\/v2\/types\/page"}],"author":[{"embeddable":true,"href":"https:\/\/madmikeguitar.com\/index.php\/wp-json\/wp\/v2\/users\/4"}],"replies":[{"embeddable":true,"href":"https:\/\/madmikeguitar.com\/index.php\/wp-json\/wp\/v2\/comments?post=17"}],"version-history":[{"count":19,"href":"https:\/\/madmikeguitar.com\/index.php\/wp-json\/wp\/v2\/pages\/17\/revisions"}],"predecessor-version":[{"id":3172,"href":"https:\/\/madmikeguitar.com\/index.php\/wp-json\/wp\/v2\/pages\/17\/revisions\/3172"}],"wp:featuredmedia":[{"embeddable":true,"href":"https:\/\/madmikeguitar.com\/index.php\/wp-json\/wp\/v2\/media\/2551"}],"wp:attachment":[{"href":"https:\/\/madmikeguitar.com\/index.php\/wp-json\/wp\/v2\/media?parent=17"}],"curies":[{"name":"wp","href":"https:\/\/api.w.org\/{rel}","templated":true}]}}